{"id":46,"date":"2019-04-05T17:47:24","date_gmt":"2019-04-05T17:47:24","guid":{"rendered":"http:\/\/www.suitesvillasol.com.mx\/wordpress_d\/?page_id=46"},"modified":"2024-01-23T02:23:18","modified_gmt":"2024-01-23T02:23:18","slug":"bienvenidos","status":"publish","type":"page","link":"https:\/\/www.suitesvillasol.com.mx\/","title":{"rendered":"Elementor #46"},"content":{"rendered":"\t\t<div data-elementor-type=\"wp-page\" data-elementor-id=\"46\" class=\"elementor elementor-46\">\n\t\t\t\t<div class=\"elementor-element elementor-element-1ea067a7 e-flex e-con-boxed e-con e-parent\" data-id=\"1ea067a7\" data-element_type=\"container\" data-e-type=\"container\">\n\t\t\t\t\t<div class=\"e-con-inner\">\n\t\t\t\t<div class=\"elementor-element elementor-element-30ec0260 elementor-widget elementor-widget-text-editor\" data-id=\"30ec0260\" data-element_type=\"widget\" data-e-type=\"widget\" data-widget_type=\"text-editor.default\">\n\t\t\t\t<div class=\"elementor-widget-container\">\n\t\t\t\t\t\t\t\t\t<p><\/p>\n<div>\u00a0<span style=\"font-size: 16px; color: var( --e-global-color-text ); text-align: var(--text-align); letter-spacing: 0px;\"><\/span><\/div>\n<p><\/p>\n<p><\/p>\n<p>La zona metropolitana de Guadalajara es<i>t<\/i>\u00e1 conformada por cinco municipios:\u00a0 Guadalajara\/ Tlaquepaque\/ Tonal\u00e1\/ Zapopan y Tlajomulco con una poblaci\u00f3n total de m\u00e1s de cinco millones de habitantes.<\/p>\n<p>El municipio de Zapopan es el que tiene una din\u00e1mica m\u00e1s fuerte de desarrollo y precisamente al sur de la ciudad, entre dos de las principales avenidas; L\u00f3pez Mateos y Perif\u00e9rico Sur, se encuentra el fraccionamiento \u201cLas Fuentes\u201d verdadero oasis fundado el pasado siglo en el a\u00f1o 1930, que a\u00fan conserva sus calles empedradas, grandes \u00e1rboles y servicios como iglesia, mercado y tiendas alrededor de una glorieta central.<\/p>\n<p>El acceso a cualquier parte de la ciudad y el aeropuerto es muy r\u00e1pido por las avenidas mencionadas, 10 minutos a Plaza del Sol o Expo Guadalajara y un poco m\u00e1s a universidades como el ITESO, UVM y Tec Milenium.<\/p>\n<p>Lo invitamos a disfrutar este remanso de tranquilidad en el sur de la ciudad.<\/p>\n<p>\u00a0<\/p>\n<p><\/p>\t\t\t\t\t\t\t\t<\/div>\n\t\t\t\t<\/div>\n\t\t\t\t\t<\/div>\n\t\t\t\t<\/div>\n\t\t\t\t<\/div>\n\t\t","protected":false},"excerpt":{"rendered":"<p>\u00a0 La zona metropolitana de Guadalajara est\u00e1 conformada por cinco municipios:\u00a0 Guadalajara\/ Tlaquepaque\/ Tonal\u00e1\/ Zapopan y Tlajomulco con una poblaci\u00f3n total de m\u00e1s de cinco millones de habitantes. El municipio de Zapopan es el que tiene una din\u00e1mica m\u00e1s fuerte de desarrollo y precisamente al sur de la ciudad, entre dos de las principales avenidas;<span class=\"post-excerpt-end\">&hellip;<\/span><\/p>\n<p class=\"more-link\"><a href=\"https:\/\/www.suitesvillasol.com.mx\/\" class=\"themebutton\">Leer m\u00e1s<\/a><\/p>\n","protected":false},"author":2,"featured_media":0,"parent":0,"menu_order":0,"comment_status":"closed","ping_status":"closed","template":"","meta":{"footnotes":""},"class_list":["post-46","page","type-page","status-publish","hentry"],"_links":{"self":[{"href":"https:\/\/www.suitesvillasol.com.mx\/index.php?rest_route=\/wp\/v2\/pages\/46","targetHints":{"allow":["GET"]}}],"collection":[{"href":"https:\/\/www.suitesvillasol.com.mx\/index.php?rest_route=\/wp\/v2\/pages"}],"about":[{"href":"https:\/\/www.suitesvillasol.com.mx\/index.php?rest_route=\/wp\/v2\/types\/page"}],"author":[{"embeddable":true,"href":"https:\/\/www.suitesvillasol.com.mx\/index.php?rest_route=\/wp\/v2\/users\/2"}],"replies":[{"embeddable":true,"href":"https:\/\/www.suitesvillasol.com.mx\/index.php?rest_route=%2Fwp%2Fv2%2Fcomments&post=46"}],"version-history":[{"count":20,"href":"https:\/\/www.suitesvillasol.com.mx\/index.php?rest_route=\/wp\/v2\/pages\/46\/revisions"}],"predecessor-version":[{"id":653,"href":"https:\/\/www.suitesvillasol.com.mx\/index.php?rest_route=\/wp\/v2\/pages\/46\/revisions\/653"}],"wp:attachment":[{"href":"https:\/\/www.suitesvillasol.com.mx\/index.php?rest_route=%2Fwp%2Fv2%2Fmedia&parent=46"}],"curies":[{"name":"wp","href":"https:\/\/api.w.org\/{rel}","templated":true}]}}